{"id":304,"date":"2025-12-05T17:56:34","date_gmt":"2025-12-05T16:56:34","guid":{"rendered":"https:\/\/etud-kvm-jsami.leria-etud.univ-angers.fr\/?page_id=304"},"modified":"2025-12-11T10:41:26","modified_gmt":"2025-12-11T09:41:26","slug":"mon-profil_joueur","status":"publish","type":"page","link":"https:\/\/etud-kvm-jsami.leria-etud.univ-angers.fr\/?page_id=304","title":{"rendered":"Mon profil_joueur"},"content":{"rendered":"\n<div class=\"wp-block-group is-nowrap is-layout-flex wp-container-core-group-is-layout-6c531013 wp-block-group-is-layout-flex\">\n<figure class=\"wp-block-image size-full is-resized\"><img fetchpriority=\"high\" decoding=\"async\" width=\"1024\" height=\"1024\" src=\"http:\/\/etud-kvm-jsami.leria-etud.univ-angers.fr\/wp-content\/uploads\/2025\/11\/2459500f-564d-406c-88ad-8ff068a9a99e-1.png\" alt=\"\" class=\"wp-image-53\" style=\"width:135px;height:auto\" srcset=\"https:\/\/etud-kvm-jsami.leria-etud.univ-angers.fr\/wp-content\/uploads\/2025\/11\/2459500f-564d-406c-88ad-8ff068a9a99e-1.png 1024w, https:\/\/etud-kvm-jsami.leria-etud.univ-angers.fr\/wp-content\/uploads\/2025\/11\/2459500f-564d-406c-88ad-8ff068a9a99e-1-300x300.png 300w, https:\/\/etud-kvm-jsami.leria-etud.univ-angers.fr\/wp-content\/uploads\/2025\/11\/2459500f-564d-406c-88ad-8ff068a9a99e-1-150x150.png 150w\" sizes=\"(max-width: 1024px) 100vw, 1024px\" \/><\/figure>\n\n\n\n<p>Joueur 1<\/p>\n<\/div>\n\n\n\n<p>Date de naissance : 01\/01\/1970<\/p>\n\n\n\n<p>Num\u00e9ro de licence : 00000000001<\/p>\n\n\n\n<p>Sexe : Homme<\/p>\n\n\n\n<p>Cat\u00e9gorie : Seniors<\/p>\n\n\n\n<p>R\u00f4le : Joueur<\/p>\n\n\n\n<p>Email : example@gmail.com<\/p>\n\n\n\n<p>Num\u00e9ro de t\u00e9l\u00e9phone : 00 00 00 00 00<\/p>\n\n\n\n<div class=\"wp-block-buttons is-layout-flex wp-block-buttons-is-layout-flex\">\n<div class=\"wp-block-button\"><a class=\"wp-block-button__link wp-element-button\" href=\"https:\/\/etud-kvm-jsami.leria-etud.univ-angers.fr\/?page_id=91\">Mon assiduit\u00e9<\/a><\/div>\n<\/div>\n","protected":false},"excerpt":{"rendered":"<p>Joueur 1 Date de naissance : 01\/01\/1970 Num\u00e9ro de licence : 00000000001 Sexe : Homme Cat\u00e9gorie : Seniors R\u00f4le : Joueur Email : example@gmail.com Num\u00e9ro de t\u00e9l\u00e9phone : 00 00 00 00 00<\/p>\n","protected":false},"author":1,"featured_media":0,"parent":0,"menu_order":0,"comment_status":"closed","ping_status":"closed","template":"","meta":{"footnotes":""},"class_list":["post-304","page","type-page","status-publish","hentry"],"_links":{"self":[{"href":"https:\/\/etud-kvm-jsami.leria-etud.univ-angers.fr\/index.php?rest_route=\/wp\/v2\/pages\/304","targetHints":{"allow":["GET"]}}],"collection":[{"href":"https:\/\/etud-kvm-jsami.leria-etud.univ-angers.fr\/index.php?rest_route=\/wp\/v2\/pages"}],"about":[{"href":"https:\/\/etud-kvm-jsami.leria-etud.univ-angers.fr\/index.php?rest_route=\/wp\/v2\/types\/page"}],"author":[{"embeddable":true,"href":"https:\/\/etud-kvm-jsami.leria-etud.univ-angers.fr\/index.php?rest_route=\/wp\/v2\/users\/1"}],"replies":[{"embeddable":true,"href":"https:\/\/etud-kvm-jsami.leria-etud.univ-angers.fr\/index.php?rest_route=%2Fwp%2Fv2%2Fcomments&post=304"}],"version-history":[{"count":24,"href":"https:\/\/etud-kvm-jsami.leria-etud.univ-angers.fr\/index.php?rest_route=\/wp\/v2\/pages\/304\/revisions"}],"predecessor-version":[{"id":444,"href":"https:\/\/etud-kvm-jsami.leria-etud.univ-angers.fr\/index.php?rest_route=\/wp\/v2\/pages\/304\/revisions\/444"}],"wp:attachment":[{"href":"https:\/\/etud-kvm-jsami.leria-etud.univ-angers.fr\/index.php?rest_route=%2Fwp%2Fv2%2Fmedia&parent=304"}],"curies":[{"name":"wp","href":"https:\/\/api.w.org\/{rel}","templated":true}]}}