{"id":399,"date":"2025-12-06T17:27:34","date_gmt":"2025-12-06T16:27:34","guid":{"rendered":"https:\/\/etud-kvm-jsami.leria-etud.univ-angers.fr\/?page_id=399"},"modified":"2025-12-06T17:32:57","modified_gmt":"2025-12-06T16:32:57","slug":"mon-profil_admin","status":"publish","type":"page","link":"https:\/\/etud-kvm-jsami.leria-etud.univ-angers.fr\/?page_id=399","title":{"rendered":"Mon profil_admin"},"content":{"rendered":"\t\t<div data-elementor-type=\"wp-page\" data-elementor-id=\"399\" class=\"elementor elementor-399\">\n\t\t\t\t<div class=\"elementor-element elementor-element-68a9a70 e-flex e-con-boxed e-con e-parent\" data-id=\"68a9a70\" data-element_type=\"container\">\n\t\t\t\t\t<div class=\"e-con-inner\">\n\t\t\t\t<div class=\"elementor-element elementor-element-6cbe851 elementor-widget elementor-widget-text-editor\" data-id=\"6cbe851\" data-element_type=\"widget\" data-widget_type=\"text-editor.default\">\n\t\t\t\t\t\t\t\t\t<div class=\"wp-block-group\"><p><\/p><figure class=\"wp-block-image size-full is-resized\"><div style=\"display: flex; align-items: center; gap: 10px;\"><p><img fetchpriority=\"high\" decoding=\"async\" width=\"1024\" height=\"1024\" class=\"wp-image-52\" style=\"width: 123px; height: auto;\" src=\"http:\/\/localhost:8080\/wp-content\/uploads\/2025\/11\/2459500f-564d-406c-88ad-8ff068a9a99e.png\" alt=\"\" srcset=\"https:\/\/etud-kvm-jsami.leria-etud.univ-angers.fr\/wp-content\/uploads\/2025\/11\/2459500f-564d-406c-88ad-8ff068a9a99e.png 1024w, https:\/\/etud-kvm-jsami.leria-etud.univ-angers.fr\/wp-content\/uploads\/2025\/11\/2459500f-564d-406c-88ad-8ff068a9a99e-300x300.png 300w, https:\/\/etud-kvm-jsami.leria-etud.univ-angers.fr\/wp-content\/uploads\/2025\/11\/2459500f-564d-406c-88ad-8ff068a9a99e-150x150.png 150w\" sizes=\"(max-width: 1024px) 100vw, 1024px\" \/><\/p><p>Membre 1<\/p><\/div><\/figure><p><\/p><\/div><p><!-- \/wp:group --><\/p><p><!-- wp:group {\"layout\":{\"type\":\"flex\",\"flexWrap\":\"nowrap\"}} --><\/p><div class=\"wp-block-group\"><p><!-- wp:paragraph --><\/p><p>Date de naissance : 01\/01\/1970<\/p><\/div><p><!-- \/wp:group --><\/p><p><!-- wp:group {\"layout\":{\"type\":\"flex\",\"flexWrap\":\"nowrap\"}} --><\/p><div class=\"wp-block-group\"><p><!-- wp:paragraph --><\/p><p>Sexe : Femme<\/p><\/div><p><!-- \/wp:group --><\/p><p><!-- wp:group {\"layout\":{\"type\":\"flex\",\"flexWrap\":\"nowrap\"}} --><\/p><div class=\"wp-block-group\"><p><!-- wp:paragraph --><\/p><p>R\u00f4le : Membre du bureau<\/p><p><!-- \/wp:paragraph --><\/p><p><!-- wp:paragraph --><\/p><p><!-- \/wp:paragraph --><\/p><\/div><p><!-- \/wp:group --><\/p><p><!-- wp:group {\"layout\":{\"type\":\"flex\",\"flexWrap\":\"nowrap\"}} --><\/p><div class=\"wp-block-group\"><p><!-- wp:paragraph --><\/p><p>Email : example@gmail.com<\/p><p><!-- \/wp:paragraph --><\/p><p><!-- wp:paragraph --><\/p><p><!-- \/wp:paragraph --><\/p><\/div><p><!-- \/wp:group --><\/p><p><!-- wp:group {\"layout\":{\"type\":\"flex\",\"flexWrap\":\"nowrap\"}} --><\/p><div class=\"wp-block-group\"><p><!-- wp:paragraph --><\/p><p>Num\u00e9ro de t\u00e9l\u00e9phone : 00 00 00 00 00<\/p><p><!-- \/wp:paragraph --><\/p><p><!-- wp:paragraph --><\/p><\/div><p><!-- \/wp:buttons --><\/p>\t\t\t\t\t\t\t\t<\/div>\n\t\t\t\t\t<\/div>\n\t\t\t\t<\/div>\n\t\t\t\t<\/div>\n\t\t","protected":false},"excerpt":{"rendered":"<p>Sexe : Femme R\u00f4le : Membre du bureau Email : example@gmail.com Num\u00e9ro de t\u00e9l\u00e9phone : 00 00 00 00 00 Date de naissance : 01\/01\/1970 Sexe : Femme R\u00f4le : Membre du bureau Email : example@gmail.com Num\u00e9ro de t\u00e9l\u00e9phone : 00 00 00 00 00<\/p>\n","protected":false},"author":1,"featured_media":0,"parent":0,"menu_order":0,"comment_status":"closed","ping_status":"closed","template":"","meta":{"footnotes":""},"class_list":["post-399","page","type-page","status-publish","hentry"],"_links":{"self":[{"href":"https:\/\/etud-kvm-jsami.leria-etud.univ-angers.fr\/index.php?rest_route=\/wp\/v2\/pages\/399","targetHints":{"allow":["GET"]}}],"collection":[{"href":"https:\/\/etud-kvm-jsami.leria-etud.univ-angers.fr\/index.php?rest_route=\/wp\/v2\/pages"}],"about":[{"href":"https:\/\/etud-kvm-jsami.leria-etud.univ-angers.fr\/index.php?rest_route=\/wp\/v2\/types\/page"}],"author":[{"embeddable":true,"href":"https:\/\/etud-kvm-jsami.leria-etud.univ-angers.fr\/index.php?rest_route=\/wp\/v2\/users\/1"}],"replies":[{"embeddable":true,"href":"https:\/\/etud-kvm-jsami.leria-etud.univ-angers.fr\/index.php?rest_route=%2Fwp%2Fv2%2Fcomments&post=399"}],"version-history":[{"count":7,"href":"https:\/\/etud-kvm-jsami.leria-etud.univ-angers.fr\/index.php?rest_route=\/wp\/v2\/pages\/399\/revisions"}],"predecessor-version":[{"id":408,"href":"https:\/\/etud-kvm-jsami.leria-etud.univ-angers.fr\/index.php?rest_route=\/wp\/v2\/pages\/399\/revisions\/408"}],"wp:attachment":[{"href":"https:\/\/etud-kvm-jsami.leria-etud.univ-angers.fr\/index.php?rest_route=%2Fwp%2Fv2%2Fmedia&parent=399"}],"curies":[{"name":"wp","href":"https:\/\/api.w.org\/{rel}","templated":true}]}}