{"id":88,"date":"2025-11-17T18:18:09","date_gmt":"2025-11-17T17:18:09","guid":{"rendered":"http:\/\/localhost:8080\/?page_id=88"},"modified":"2025-12-05T16:19:48","modified_gmt":"2025-12-05T15:19:48","slug":"mon-profil","status":"publish","type":"page","link":"https:\/\/etud-kvm-jsami.leria-etud.univ-angers.fr\/?page_id=88","title":{"rendered":"Mon profil_entraineur"},"content":{"rendered":"\t\t<div data-elementor-type=\"wp-page\" data-elementor-id=\"88\" class=\"elementor elementor-88\">\n\t\t\t\t<div class=\"elementor-element elementor-element-40ca79b4 e-flex e-con-boxed e-con e-parent\" data-id=\"40ca79b4\" data-element_type=\"container\">\n\t\t\t\t\t<div class=\"e-con-inner\">\n\t\t\t\t<div class=\"elementor-element elementor-element-27116d86 elementor-widget elementor-widget-text-editor\" data-id=\"27116d86\" data-element_type=\"widget\" data-widget_type=\"text-editor.default\">\n\t\t\t\t\t\t\t\t\t<div class=\"wp-block-group\">\n<p><\/p>\n<figure class=\"wp-block-image size-full is-resized\"><div style=\"display: flex; align-items: center; gap: 10px;\">\n  <img fetchpriority=\"high\" decoding=\"async\" width=\"1024\" height=\"1024\" class=\"wp-image-52\" \n       style=\"width: 123px; height: auto;\" \n       src=\"http:\/\/localhost:8080\/wp-content\/uploads\/2025\/11\/2459500f-564d-406c-88ad-8ff068a9a99e.png\" alt=\"\" srcset=\"https:\/\/etud-kvm-jsami.leria-etud.univ-angers.fr\/wp-content\/uploads\/2025\/11\/2459500f-564d-406c-88ad-8ff068a9a99e.png 1024w, https:\/\/etud-kvm-jsami.leria-etud.univ-angers.fr\/wp-content\/uploads\/2025\/11\/2459500f-564d-406c-88ad-8ff068a9a99e-300x300.png 300w, https:\/\/etud-kvm-jsami.leria-etud.univ-angers.fr\/wp-content\/uploads\/2025\/11\/2459500f-564d-406c-88ad-8ff068a9a99e-150x150.png 150w\" sizes=\"(max-width: 1024px) 100vw, 1024px\" \/>\n  <p>Entra\u00eeneur 1<\/p>\n<\/div><\/figure>\n<p><\/p>\n<\/div>\n<p><!-- \/wp:group --><\/p>\n<p><!-- wp:group {\"layout\":{\"type\":\"flex\",\"flexWrap\":\"nowrap\"}} --><\/p>\n<div class=\"wp-block-group\">\n<p><!-- wp:paragraph --><\/p>\n<p>Date de naissance : 01\/01\/1970<\/p>\n<p><!-- \/wp:paragraph --><\/p>\n<p><!-- wp:paragraph --><\/p>\n<p><!-- \/wp:paragraph --><\/p>\n<\/div>\n<p><!-- \/wp:group --><\/p>\n<p><!-- wp:group {\"layout\":{\"type\":\"flex\",\"flexWrap\":\"nowrap\"}} --><\/p>\n<div class=\"wp-block-group\">\n<p><!-- wp:paragraph --><\/p>\n<p>Num\u00e9ro de licence : 00000000001<\/p>\n<p><!-- \/wp:paragraph --><\/p>\n<p><!-- wp:paragraph --><\/p>\n<p><!-- \/wp:paragraph --><\/p>\n<\/div>\n<p><!-- \/wp:group --><\/p>\n<p><!-- wp:group {\"layout\":{\"type\":\"flex\",\"flexWrap\":\"nowrap\"}} --><\/p>\n<div class=\"wp-block-group\">\n<p><!-- wp:paragraph --><\/p>\n<p>Sexe : Homme<\/p>\n<p><!-- \/wp:paragraph --><\/p>\n<p><!-- wp:paragraph --><\/p>\n<p><!-- \/wp:paragraph --><\/p>\n<\/div>\n<p><!-- \/wp:group --><\/p>\n<p><!-- wp:group {\"layout\":{\"type\":\"flex\",\"flexWrap\":\"nowrap\"}} --><\/p>\n<div class=\"wp-block-group\">\n<p><!-- wp:paragraph --><\/p>\n<p>Cat\u00e9gorie : Seniors<\/p>\n<p><!-- \/wp:paragraph --><\/p>\n<p><!-- wp:paragraph --><\/p>\n<p><!-- \/wp:paragraph --><\/p>\n<\/div>\n<p><!-- \/wp:group --><\/p>\n<p><!-- wp:group {\"layout\":{\"type\":\"flex\",\"flexWrap\":\"nowrap\"}} --><\/p>\n<div class=\"wp-block-group\">\n<p><!-- wp:paragraph --><\/p>\n<p>R\u00f4le : Entra\u00eeneur<\/p>\n<p><!-- \/wp:paragraph --><\/p>\n<p><!-- wp:paragraph --><\/p>\n<p><!-- \/wp:paragraph --><\/p>\n<\/div>\n<p><!-- \/wp:group --><\/p>\n<p><!-- wp:group {\"layout\":{\"type\":\"flex\",\"flexWrap\":\"nowrap\"}} --><\/p>\n<div class=\"wp-block-group\">\n<p><!-- wp:paragraph --><\/p>\n<p>Email : example@gmail.com<\/p>\n<p><!-- \/wp:paragraph --><\/p>\n<p><!-- wp:paragraph --><\/p>\n<p><!-- \/wp:paragraph --><\/p>\n<\/div>\n<p><!-- \/wp:group --><\/p>\n<p><!-- wp:group {\"layout\":{\"type\":\"flex\",\"flexWrap\":\"nowrap\"}} --><\/p>\n<div class=\"wp-block-group\">\n<p><!-- wp:paragraph --><\/p>\n<p>Num\u00e9ro de t\u00e9l\u00e9phone : 00 00 00 00 00<\/p>\n<p><!-- \/wp:paragraph --><\/p>\n<p><!-- wp:paragraph --><\/p>\n<\/div>\n<p><!-- \/wp:buttons --><\/p>\t\t\t\t\t\t\t\t<\/div>\n\t\t\t\t\t<\/div>\n\t\t\t\t<\/div>\n\t\t\t\t<\/div>\n\t\t","protected":false},"excerpt":{"rendered":"<p>Date de naissance : 01\/01\/1970 Num\u00e9ro de licence : 00000000001 Sexe : Homme Cat\u00e9gorie : Seniors R\u00f4le : Entra\u00eeneur Email : example@gmail.com Num\u00e9ro de t\u00e9l\u00e9phone : 00 00 00 00 00<\/p>\n","protected":false},"author":1,"featured_media":0,"parent":0,"menu_order":0,"comment_status":"closed","ping_status":"closed","template":"","meta":{"footnotes":""},"class_list":["post-88","page","type-page","status-publish","hentry"],"_links":{"self":[{"href":"https:\/\/etud-kvm-jsami.leria-etud.univ-angers.fr\/index.php?rest_route=\/wp\/v2\/pages\/88","targetHints":{"allow":["GET"]}}],"collection":[{"href":"https:\/\/etud-kvm-jsami.leria-etud.univ-angers.fr\/index.php?rest_route=\/wp\/v2\/pages"}],"about":[{"href":"https:\/\/etud-kvm-jsami.leria-etud.univ-angers.fr\/index.php?rest_route=\/wp\/v2\/types\/page"}],"author":[{"embeddable":true,"href":"https:\/\/etud-kvm-jsami.leria-etud.univ-angers.fr\/index.php?rest_route=\/wp\/v2\/users\/1"}],"replies":[{"embeddable":true,"href":"https:\/\/etud-kvm-jsami.leria-etud.univ-angers.fr\/index.php?rest_route=%2Fwp%2Fv2%2Fcomments&post=88"}],"version-history":[{"count":26,"href":"https:\/\/etud-kvm-jsami.leria-etud.univ-angers.fr\/index.php?rest_route=\/wp\/v2\/pages\/88\/revisions"}],"predecessor-version":[{"id":405,"href":"https:\/\/etud-kvm-jsami.leria-etud.univ-angers.fr\/index.php?rest_route=\/wp\/v2\/pages\/88\/revisions\/405"}],"wp:attachment":[{"href":"https:\/\/etud-kvm-jsami.leria-etud.univ-angers.fr\/index.php?rest_route=%2Fwp%2Fv2%2Fmedia&parent=88"}],"curies":[{"name":"wp","href":"https:\/\/api.w.org\/{rel}","templated":true}]}}