{"id":91,"date":"2025-11-17T19:04:47","date_gmt":"2025-11-17T18:04:47","guid":{"rendered":"http:\/\/localhost:8080\/?page_id=91"},"modified":"2025-11-18T00:39:36","modified_gmt":"2025-11-17T23:39:36","slug":"mon-assiduite","status":"publish","type":"page","link":"https:\/\/etud-kvm-jsami.leria-etud.univ-angers.fr\/?page_id=91","title":{"rendered":"Mon assiduit\u00e9"},"content":{"rendered":"\n<figure class=\"wp-block-image aligncenter size-large is-resized\"><img fetchpriority=\"high\" decoding=\"async\" width=\"397\" height=\"398\" src=\"http:\/\/localhost:8080\/wp-content\/uploads\/2025\/11\/pie1-edited.png\" alt=\"\" class=\"wp-image-139\" style=\"width:505px;height:auto\" srcset=\"https:\/\/etud-kvm-jsami.leria-etud.univ-angers.fr\/wp-content\/uploads\/2025\/11\/pie1-edited.png 397w, https:\/\/etud-kvm-jsami.leria-etud.univ-angers.fr\/wp-content\/uploads\/2025\/11\/pie1-edited-300x300.png 300w, https:\/\/etud-kvm-jsami.leria-etud.univ-angers.fr\/wp-content\/uploads\/2025\/11\/pie1-edited-150x150.png 150w\" sizes=\"(max-width: 397px) 100vw, 397px\" \/><\/figure>\n\n\n\n<p>Cr\u00e9neaux d&rsquo;entra\u00eenement manqu\u00e9s :<\/p>\n\n\n\n<ul class=\"wp-block-list\">\n<li>Entra\u00eenement 15\/09<\/li>\n\n\n\n<li>Entra\u00eenement 1\/10<\/li>\n\n\n\n<li>Entra\u00eenement 6\/10<\/li>\n\n\n\n<li>Entra\u00eenement 15\/10<\/li>\n<\/ul>\n","protected":false},"excerpt":{"rendered":"<p>Cr\u00e9neaux d&rsquo;entra\u00eenement manqu\u00e9s :<\/p>\n","protected":false},"author":1,"featured_media":0,"parent":0,"menu_order":0,"comment_status":"closed","ping_status":"closed","template":"","meta":{"footnotes":""},"class_list":["post-91","page","type-page","status-publish","hentry"],"_links":{"self":[{"href":"https:\/\/etud-kvm-jsami.leria-etud.univ-angers.fr\/index.php?rest_route=\/wp\/v2\/pages\/91","targetHints":{"allow":["GET"]}}],"collection":[{"href":"https:\/\/etud-kvm-jsami.leria-etud.univ-angers.fr\/index.php?rest_route=\/wp\/v2\/pages"}],"about":[{"href":"https:\/\/etud-kvm-jsami.leria-etud.univ-angers.fr\/index.php?rest_route=\/wp\/v2\/types\/page"}],"author":[{"embeddable":true,"href":"https:\/\/etud-kvm-jsami.leria-etud.univ-angers.fr\/index.php?rest_route=\/wp\/v2\/users\/1"}],"replies":[{"embeddable":true,"href":"https:\/\/etud-kvm-jsami.leria-etud.univ-angers.fr\/index.php?rest_route=%2Fwp%2Fv2%2Fcomments&post=91"}],"version-history":[{"count":3,"href":"https:\/\/etud-kvm-jsami.leria-etud.univ-angers.fr\/index.php?rest_route=\/wp\/v2\/pages\/91\/revisions"}],"predecessor-version":[{"id":140,"href":"https:\/\/etud-kvm-jsami.leria-etud.univ-angers.fr\/index.php?rest_route=\/wp\/v2\/pages\/91\/revisions\/140"}],"wp:attachment":[{"href":"https:\/\/etud-kvm-jsami.leria-etud.univ-angers.fr\/index.php?rest_route=%2Fwp%2Fv2%2Fmedia&parent=91"}],"curies":[{"name":"wp","href":"https:\/\/api.w.org\/{rel}","templated":true}]}}